{"id":416,"date":"2024-04-26T18:42:49","date_gmt":"2024-04-26T18:42:49","guid":{"rendered":"https:\/\/caminoreal.com.gt\/?page_id=416"},"modified":"2025-03-26T16:45:10","modified_gmt":"2025-03-26T16:45:10","slug":"trabaja-con-nosotros","status":"publish","type":"page","link":"https:\/\/caminoreal.com.gt\/en\/trabaja-con-nosotros\/","title":{"rendered":"Trabaja con nosotros"},"content":{"rendered":"<p>[et_pb_section fb_built=&#8221;1&#8243; module_class=&#8221;section_trabaja_nosotros&#8221; _builder_version=&#8221;4.20.2&#8243; _module_preset=&#8221;default&#8221; global_colors_info=&#8221;{}&#8221;][et_pb_row _builder_version=&#8221;4.20.2&#8243; _module_preset=&#8221;default&#8221; global_colors_info=&#8221;{}&#8221;][et_pb_column type=&#8221;4_4&#8243; _builder_version=&#8221;4.20.2&#8243; _module_preset=&#8221;default&#8221; global_colors_info=&#8221;{}&#8221;][et_pb_slider show_arrows=&#8221;off&#8221; _builder_version=&#8221;4.20.2&#8243; _module_preset=&#8221;default&#8221; hover_enabled=&#8221;0&#8243; global_colors_info=&#8221;{}&#8221; sticky_enabled=&#8221;0&#8243;][et_pb_slide button_text=&#8221;Apply Now&#8221; button_link=&#8221;#form_form_trabaja_con_nosotros&#8221; _builder_version=&#8221;4.20.2&#8243; _module_preset=&#8221;default&#8221; background_image=&#8221;https:\/\/caminoreal.com.gt\/wp-content\/uploads\/2024\/05\/handshake-business-people-scaled.jpg&#8221; background_enable_image=&#8221;on&#8221; hover_enabled=&#8221;0&#8243; global_colors_info=&#8221;{}&#8221; sticky_transition=&#8221;on&#8221; sticky_enabled=&#8221;0&#8243;]<\/p>\n<h2>Job Creation<\/h2>\n<p>Camino Real Corporation generates more than 800 specialized jobs within our industry. Working with us not only ensures profesional growth, but also means enjoying benefits such as participating in learning programs, career recognition, dental, eye care, and vaccination days, as well as celebrations of special days such as Mother&#8217;s Day, Father&#8217;s Day, Secretary&#8217;s Day, among others.<\/p>\n<p>[\/et_pb_slide][\/et_pb_slider][\/et_pb_column][\/et_pb_row][\/et_pb_section][et_pb_section fb_built=&#8221;1&#8243; module_class=&#8221;section-form-nosotros&#8221; _builder_version=&#8221;4.20.2&#8243; _module_preset=&#8221;default&#8221; global_colors_info=&#8221;{}&#8221;][et_pb_row _builder_version=&#8221;4.20.2&#8243; _module_preset=&#8221;default&#8221; global_colors_info=&#8221;{}&#8221;][et_pb_column type=&#8221;4_4&#8243; _builder_version=&#8221;4.20.2&#8243; _module_preset=&#8221;default&#8221; global_colors_info=&#8221;{}&#8221;][et_pb_text _builder_version=&#8221;4.20.2&#8243; _module_preset=&#8221;default&#8221; global_colors_info=&#8221;{}&#8221;]<\/p>\n<p>If you are a student or graduate of hospitality, tourism or a related field and would like to apply for a job in the corporation, please fill out the following form.<\/p>\n<p>[\/et_pb_text][\/et_pb_column][\/et_pb_row][et_pb_row column_structure=&#8221;1_2,1_2&#8243; _builder_version=&#8221;4.20.2&#8243; _module_preset=&#8221;default&#8221; custom_margin=&#8221;7px|auto||auto||&#8221; global_colors_info=&#8221;{}&#8221;][et_pb_column type=&#8221;1_2&#8243; _builder_version=&#8221;4.20.2&#8243; _module_preset=&#8221;default&#8221; global_colors_info=&#8221;{}&#8221;][et_pb_text _builder_version=&#8221;4.20.2&#8243; _module_preset=&#8221;default&#8221; global_colors_info=&#8221;{}&#8221;]<\/p>\n<p>Join us<\/p>\n<p>[\/et_pb_text][\/et_pb_column][et_pb_column type=&#8221;1_2&#8243; _builder_version=&#8221;4.20.2&#8243; _module_preset=&#8221;default&#8221; global_colors_info=&#8221;{}&#8221;][et_pb_text _builder_version=&#8221;4.20.2&#8243; _module_preset=&#8221;default&#8221; global_colors_info=&#8221;{}&#8221;]<\/p>\n<p>We reserve the right to use the information according to the terms and conditions<\/p>\n<p>[\/et_pb_text][et_pb_code _builder_version=&#8221;4.20.2&#8243; _module_preset=&#8221;default&#8221; global_colors_info=&#8221;{}&#8221;]<div class=\"frm_forms  with_frm_style frm_style_formidable-style\" id=\"frm_form_3_container\" data-token=\"a8751c0a1ea40fe886aa15cbede58147\">\n<form enctype=\"multipart\/form-data\" method=\"post\" class=\"frm-show-form  frm_js_validate  frm_ajax_submit  frm_pro_form \" id=\"form_form_trabaja_con_nosotros\" data-token=\"a8751c0a1ea40fe886aa15cbede58147\">\n<div class=\"frm_form_fields \">\n<fieldset>\n<legend class=\"frm_screen_reader\">form_trabaja_con_nosotros<\/legend>\r\n\r\n<div class=\"frm_fields_container\">\n<input type=\"hidden\" name=\"frm_action\" value=\"create\" \/>\n<input type=\"hidden\" name=\"form_id\" value=\"3\" \/>\n<input type=\"hidden\" name=\"frm_hide_fields_3\" id=\"frm_hide_fields_3\" value=\"\" \/>\n<input type=\"hidden\" name=\"form_key\" value=\"form_trabaja_con_nosotros\" \/>\n<input type=\"hidden\" name=\"item_meta[0]\" value=\"\" \/>\n<input type=\"hidden\" id=\"frm_submit_entry_3\" name=\"frm_submit_entry_3\" value=\"f71cc2ee01\" \/><input type=\"hidden\" name=\"_wp_http_referer\" value=\"\/en\/wp-json\/wp\/v2\/pages\/416\" \/><div id=\"frm_field_13_container\" class=\"frm_form_field form-field  frm_top_container\">\r\n\t<label for=\"field_mzpjm\" id=\"field_mzpjm_label\" class=\"frm_primary_label\">Name\r\n\t\t<span class=\"frm_required\" aria-hidden=\"true\"><\/span>\r\n\t<\/label>\r\n\t<input  type=\"text\" id=\"field_mzpjm\" name=\"item_meta[13]\" value=\"\"  data-invmsg=\"Name is invalid\" aria-invalid=\"false\"   \/>\r\n\t\r\n\t\r\n<\/div>\n<div id=\"frm_field_14_container\" class=\"frm_form_field form-field  frm_top_container\">\r\n\t<label for=\"field_julxg\" id=\"field_julxg_label\" class=\"frm_primary_label\">Email\r\n\t\t<span class=\"frm_required\" aria-hidden=\"true\"><\/span>\r\n\t<\/label>\r\n\t<input  type=\"text\" id=\"field_julxg\" name=\"item_meta[14]\" value=\"\"  data-invmsg=\"Email is invalid\" aria-invalid=\"false\"   \/>\r\n\t\r\n\t\r\n<\/div>\n<div id=\"frm_field_16_container\" class=\"frm_form_field form-field  frm_top_container\">\r\n\t<label for=\"field_jbq9y\" id=\"field_jbq9y_label\" class=\"frm_primary_label\">Select hotel to contact\r\n\t\t<span class=\"frm_required\" aria-hidden=\"true\"><\/span>\r\n\t<\/label>\r\n\t\t\t<select name=\"item_meta[16]\" id=\"field_jbq9y\"  data-frmval=\"The Westin Camino Real\" data-invmsg=\"Select hotel to contact no es v\u00e1lido\" aria-invalid=\"false\"  >\n\t\t<option  value=\"The Westin Camino Real\" selected='selected'>The Westin Camino Real<\/option><option  value=\"Hotel Biltmore\">Hotel Biltmore<\/option><option  value=\"Camino Real Tikal\">Camino Real Tikal<\/option><option  value=\"Camino Real Antigua Guatemala\">Camino Real Antigua Guatemala<\/option><option  value=\"Holiday Inn\">Holiday Inn<\/option><option  value=\"Hotel Del Patio\">Hotel Del Patio<\/option><option  value=\"Limpie S.A.\">Limpie S.A.<\/option>\t<\/select>\n\t\r\n\t\r\n\t\r\n<\/div>\n<div id=\"frm_field_17_container\" class=\"frm_form_field form-field  frm_top_container\">\r\n\t<label for=\"field_1wafn\" id=\"field_1wafn_label\" class=\"frm_primary_label\">CV\r\n\t\t<span class=\"frm_required\" aria-hidden=\"true\"><\/span>\r\n\t<\/label>\r\n\t<input type=\"hidden\"  data-invmsg=\"CV is invalid\" aria-invalid=\"false\"   name=\"item_meta[17]\"  value=\"\" data-frmfile=\"17\" \/>\n\n<div class=\"frm_dropzone frm_single_upload frm_clearfix\" id=\"file17_dropzone\" role=\"group\" >\n\t<div class=\"fallback\">\n\t\t<input type=\"file\" name=\"file17\" id=\"field_1wafn\"\n\t\t\t data-invmsg=\"CV is invalid\" aria-invalid=\"false\"  \t\t\t\/>\n\t\t\t\t<div class=\"frm_clearfix \"><\/div>\n\t<\/div>\n\t<div class=\"dz-message needsclick\">\n\t\t\t\t<svg  viewBox=\"0 0 18 18\" class=\"frmsvg frm-svg-icon\">\n\t<path viewBox=\"0 0 18 18\" fill-rule=\"evenodd\" clip-rule=\"evenodd\" d=\"M8.2 4v8a.8.8 0 001.5 0V4l2.1 2.2A.7.7 0 1013 5L9.5 1.7a.7.7 0 00-1.1 0L5.1 5.2a.8.8 0 001 1l2.1-2zm7.6 4.3c.4 0 .7.3.7.7v6.8c0 .4-.3.7-.8.7H2.3a.8.8 0 01-.8-.8V9A.8.8 0 013 9v6h12V9c0-.4.3-.8.8-.8z\"><\/path>\n<\/svg>\t\t<span class=\"frm_upload_text\"><button type=\"button\" aria-label=\"CV. Arrastrar un archivo aqu\u00ed o dar click para cargarlo.. Maximum file size: 33.55MB\">Arrastrar un archivo aqu\u00ed o dar click para cargarlo.<\/button><\/span>\n\t\t<span class=\"frm_compact_text\"><button type=\"button\" aria-label=\"CV. Choose File. Maximum file size: 33.55MB\">Choose File<\/button><\/span>\n\t\t<div class=\"frm_small_text\">\n\t\t\t<p>Maximum file size: 33.55MB<\/p>\n\t\t<\/div>\n\t<\/div>\n<\/div>\n\t\r\n\t\r\n\t\r\n<\/div>\n<div id=\"frm_field_12_container\" class=\"frm_form_field form-field \">\r\n\t<div class=\"frm_submit frm_flex\">\r\n<button class=\"frm_button_submit frm_final_submit\" type=\"submit\"  >SEND<\/button>\r\n\r\n\r\n\r\n<\/div>\r\n<\/div>\n\t<input type=\"hidden\" name=\"item_key\" value=\"\" \/>\n\t\t\t<div id=\"frm_field_22_container\">\n\t\t\t<label for=\"field_irc0c\" >\n\t\t\t\tIf you are human, leave this field blank.\t\t\t<\/label>\n\t\t\t<input  id=\"field_irc0c\" type=\"text\" class=\"frm_form_field form-field frm_verify\" name=\"item_meta[22]\" value=\"\"  \/>\n\t\t<\/div>\n\t\t<input name=\"frm_state\" type=\"hidden\" value=\"ht3LpNv8s34HoztEPxnDAwKlBujyLiYPWAxJpIe66Euc4b6D8qKqbA7Q8Eq1+rTQ\" \/><\/div>\n<\/fieldset>\n<\/div>\n\n<\/form>\n<\/div>\n[\/et_pb_code][\/et_pb_column][\/et_pb_row][\/et_pb_section]<\/p>\n","protected":false},"excerpt":{"rendered":"<p>Job Creation Camino Real Corporation generates more than 800 specialized jobs within our industry. Working with us not only ensures profesional growth, but also means enjoying benefits such as participating in learning programs, career recognition, dental, eye care, and vaccination days, as well as celebrations of special days such as Mother&#8217;s Day, Father&#8217;s Day, Secretary&#8217;s [&hellip;]<\/p>\n","protected":false},"author":5,"featured_media":0,"parent":0,"menu_order":0,"comment_status":"closed","ping_status":"closed","template":"","meta":{"_et_pb_use_builder":"on","_et_pb_old_content":"","_et_gb_content_width":"","footnotes":""},"class_list":["post-416","page","type-page","status-publish","hentry"],"yoast_head":"<!-- This site is optimized with the Yoast SEO plugin v27.4 - https:\/\/yoast.com\/product\/yoast-seo-wordpress\/ -->\n<title>Trabaja con nosotros - Corporaci\u00f3n Camino Real<\/title>\n<meta name=\"robots\" content=\"index, follow, max-snippet:-1, max-image-preview:large, max-video-preview:-1\" \/>\n<link rel=\"canonical\" href=\"https:\/\/caminoreal.com.gt\/en\/trabaja-con-nosotros\/\" \/>\n<meta property=\"og:locale\" content=\"en_US\" \/>\n<meta property=\"og:type\" content=\"article\" \/>\n<meta property=\"og:title\" content=\"Trabaja con nosotros - Corporaci\u00f3n Camino Real\" \/>\n<meta property=\"og:description\" content=\"Job Creation Camino Real Corporation generates more than 800 specialized jobs within our industry. Working with us not only ensures profesional growth, but also means enjoying benefits such as participating in learning programs, career recognition, dental, eye care, and vaccination days, as well as celebrations of special days such as Mother&#039;s Day, Father&#039;s Day, Secretary&#039;s [&hellip;]\" \/>\n<meta property=\"og:url\" content=\"https:\/\/caminoreal.com.gt\/en\/trabaja-con-nosotros\/\" \/>\n<meta property=\"og:site_name\" content=\"Corporaci\u00f3n Camino Real\" \/>\n<meta property=\"article:modified_time\" content=\"2025-03-26T16:45:10+00:00\" \/>\n<meta name=\"twitter:card\" content=\"summary_large_image\" \/>\n<meta name=\"twitter:label1\" content=\"Est. reading time\" \/>\n\t<meta name=\"twitter:data1\" content=\"2 minutes\" \/>\n<script type=\"application\/ld+json\" class=\"yoast-schema-graph\">{\"@context\":\"https:\\\/\\\/schema.org\",\"@graph\":[{\"@type\":\"WebPage\",\"@id\":\"https:\\\/\\\/caminoreal.com.gt\\\/en\\\/trabaja-con-nosotros\\\/\",\"url\":\"https:\\\/\\\/caminoreal.com.gt\\\/en\\\/trabaja-con-nosotros\\\/\",\"name\":\"Trabaja con nosotros - Corporaci\u00f3n Camino Real\",\"isPartOf\":{\"@id\":\"https:\\\/\\\/caminoreal.com.gt\\\/#website\"},\"datePublished\":\"2024-04-26T18:42:49+00:00\",\"dateModified\":\"2025-03-26T16:45:10+00:00\",\"breadcrumb\":{\"@id\":\"https:\\\/\\\/caminoreal.com.gt\\\/en\\\/trabaja-con-nosotros\\\/#breadcrumb\"},\"inLanguage\":\"en-US\",\"potentialAction\":[{\"@type\":\"ReadAction\",\"target\":[\"https:\\\/\\\/caminoreal.com.gt\\\/en\\\/trabaja-con-nosotros\\\/\"]}]},{\"@type\":\"BreadcrumbList\",\"@id\":\"https:\\\/\\\/caminoreal.com.gt\\\/en\\\/trabaja-con-nosotros\\\/#breadcrumb\",\"itemListElement\":[{\"@type\":\"ListItem\",\"position\":1,\"name\":\"Portada\",\"item\":\"https:\\\/\\\/caminoreal.com.gt\\\/en\\\/inicio\\\/\"},{\"@type\":\"ListItem\",\"position\":2,\"name\":\"Trabaja con nosotros\"}]},{\"@type\":\"WebSite\",\"@id\":\"https:\\\/\\\/caminoreal.com.gt\\\/#website\",\"url\":\"https:\\\/\\\/caminoreal.com.gt\\\/\",\"name\":\"Corporaci\u00f3n Camino Real\",\"description\":\"Te invitamos a vivir la experiencia de la Corporaci\u00f3n m\u00e1s grande y con mayor trayectoria de Guatemala.\",\"publisher\":{\"@id\":\"https:\\\/\\\/caminoreal.com.gt\\\/#organization\"},\"potentialAction\":[{\"@type\":\"SearchAction\",\"target\":{\"@type\":\"EntryPoint\",\"urlTemplate\":\"https:\\\/\\\/caminoreal.com.gt\\\/?s={search_term_string}\"},\"query-input\":{\"@type\":\"PropertyValueSpecification\",\"valueRequired\":true,\"valueName\":\"search_term_string\"}}],\"inLanguage\":\"en-US\"},{\"@type\":\"Organization\",\"@id\":\"https:\\\/\\\/caminoreal.com.gt\\\/#organization\",\"name\":\"Corporaci\u00f3n Camino Real\",\"url\":\"https:\\\/\\\/caminoreal.com.gt\\\/\",\"logo\":{\"@type\":\"ImageObject\",\"inLanguage\":\"en-US\",\"@id\":\"https:\\\/\\\/caminoreal.com.gt\\\/#\\\/schema\\\/logo\\\/image\\\/\",\"url\":\"https:\\\/\\\/caminoreal.com.gt\\\/wp-content\\\/uploads\\\/2024\\\/04\\\/Recurso-1img13.png\",\"contentUrl\":\"https:\\\/\\\/caminoreal.com.gt\\\/wp-content\\\/uploads\\\/2024\\\/04\\\/Recurso-1img13.png\",\"width\":548,\"height\":120,\"caption\":\"Corporaci\u00f3n Camino Real\"},\"image\":{\"@id\":\"https:\\\/\\\/caminoreal.com.gt\\\/#\\\/schema\\\/logo\\\/image\\\/\"}}]}<\/script>\n<!-- \/ Yoast SEO plugin. -->","yoast_head_json":{"title":"Trabaja con nosotros - Corporaci\u00f3n Camino Real","robots":{"index":"index","follow":"follow","max-snippet":"max-snippet:-1","max-image-preview":"max-image-preview:large","max-video-preview":"max-video-preview:-1"},"canonical":"https:\/\/caminoreal.com.gt\/en\/trabaja-con-nosotros\/","og_locale":"en_US","og_type":"article","og_title":"Trabaja con nosotros - Corporaci\u00f3n Camino Real","og_description":"Job Creation Camino Real Corporation generates more than 800 specialized jobs within our industry. Working with us not only ensures profesional growth, but also means enjoying benefits such as participating in learning programs, career recognition, dental, eye care, and vaccination days, as well as celebrations of special days such as Mother's Day, Father's Day, Secretary's [&hellip;]","og_url":"https:\/\/caminoreal.com.gt\/en\/trabaja-con-nosotros\/","og_site_name":"Corporaci\u00f3n Camino Real","article_modified_time":"2025-03-26T16:45:10+00:00","twitter_card":"summary_large_image","twitter_misc":{"Est. reading time":"2 minutes"},"schema":{"@context":"https:\/\/schema.org","@graph":[{"@type":"WebPage","@id":"https:\/\/caminoreal.com.gt\/en\/trabaja-con-nosotros\/","url":"https:\/\/caminoreal.com.gt\/en\/trabaja-con-nosotros\/","name":"Trabaja con nosotros - Corporaci\u00f3n Camino Real","isPartOf":{"@id":"https:\/\/caminoreal.com.gt\/#website"},"datePublished":"2024-04-26T18:42:49+00:00","dateModified":"2025-03-26T16:45:10+00:00","breadcrumb":{"@id":"https:\/\/caminoreal.com.gt\/en\/trabaja-con-nosotros\/#breadcrumb"},"inLanguage":"en-US","potentialAction":[{"@type":"ReadAction","target":["https:\/\/caminoreal.com.gt\/en\/trabaja-con-nosotros\/"]}]},{"@type":"BreadcrumbList","@id":"https:\/\/caminoreal.com.gt\/en\/trabaja-con-nosotros\/#breadcrumb","itemListElement":[{"@type":"ListItem","position":1,"name":"Portada","item":"https:\/\/caminoreal.com.gt\/en\/inicio\/"},{"@type":"ListItem","position":2,"name":"Trabaja con nosotros"}]},{"@type":"WebSite","@id":"https:\/\/caminoreal.com.gt\/#website","url":"https:\/\/caminoreal.com.gt\/","name":"Corporaci\u00f3n Camino Real","description":"Te invitamos a vivir la experiencia de la Corporaci\u00f3n m\u00e1s grande y con mayor trayectoria de Guatemala.","publisher":{"@id":"https:\/\/caminoreal.com.gt\/#organization"},"potentialAction":[{"@type":"SearchAction","target":{"@type":"EntryPoint","urlTemplate":"https:\/\/caminoreal.com.gt\/?s={search_term_string}"},"query-input":{"@type":"PropertyValueSpecification","valueRequired":true,"valueName":"search_term_string"}}],"inLanguage":"en-US"},{"@type":"Organization","@id":"https:\/\/caminoreal.com.gt\/#organization","name":"Corporaci\u00f3n Camino Real","url":"https:\/\/caminoreal.com.gt\/","logo":{"@type":"ImageObject","inLanguage":"en-US","@id":"https:\/\/caminoreal.com.gt\/#\/schema\/logo\/image\/","url":"https:\/\/caminoreal.com.gt\/wp-content\/uploads\/2024\/04\/Recurso-1img13.png","contentUrl":"https:\/\/caminoreal.com.gt\/wp-content\/uploads\/2024\/04\/Recurso-1img13.png","width":548,"height":120,"caption":"Corporaci\u00f3n Camino Real"},"image":{"@id":"https:\/\/caminoreal.com.gt\/#\/schema\/logo\/image\/"}}]}},"featured_image_src":null,"featured_image_src_square":null,"_links":{"self":[{"href":"https:\/\/caminoreal.com.gt\/en\/wp-json\/wp\/v2\/pages\/416","targetHints":{"allow":["GET"]}}],"collection":[{"href":"https:\/\/caminoreal.com.gt\/en\/wp-json\/wp\/v2\/pages"}],"about":[{"href":"https:\/\/caminoreal.com.gt\/en\/wp-json\/wp\/v2\/types\/page"}],"author":[{"embeddable":true,"href":"https:\/\/caminoreal.com.gt\/en\/wp-json\/wp\/v2\/users\/5"}],"replies":[{"embeddable":true,"href":"https:\/\/caminoreal.com.gt\/en\/wp-json\/wp\/v2\/comments?post=416"}],"version-history":[{"count":0,"href":"https:\/\/caminoreal.com.gt\/en\/wp-json\/wp\/v2\/pages\/416\/revisions"}],"wp:attachment":[{"href":"https:\/\/caminoreal.com.gt\/en\/wp-json\/wp\/v2\/media?parent=416"}],"curies":[{"name":"wp","href":"https:\/\/api.w.org\/{rel}","templated":true}]}}