{"id":413,"date":"2024-04-26T18:38:22","date_gmt":"2024-04-26T18:38:22","guid":{"rendered":"https:\/\/caminoreal.com.gt\/quienes-somos\/"},"modified":"2025-03-26T18:29:52","modified_gmt":"2025-03-26T18:29:52","slug":"quienes-somos","status":"publish","type":"page","link":"https:\/\/caminoreal.com.gt\/en\/quienes-somos\/","title":{"rendered":"\u00bfQui\u00e9nes somos?"},"content":{"rendered":"<p>[et_pb_section fb_built=&#8221;1&#8243; module_class=&#8221;section_quienes_somos&#8221; _builder_version=&#8221;4.20.2&#8243; _module_preset=&#8221;default&#8221; background_image=&#8221;https:\/\/caminoreal.com.gt\/wp-content\/uploads\/2024\/05\/12Mesa-de-trabajo-12.webp&#8221; global_colors_info=&#8221;{}&#8221;][et_pb_row _builder_version=&#8221;4.20.2&#8243; _module_preset=&#8221;default&#8221; global_colors_info=&#8221;{}&#8221;][et_pb_column type=&#8221;4_4&#8243; _builder_version=&#8221;4.20.2&#8243; _module_preset=&#8221;default&#8221; global_colors_info=&#8221;{}&#8221;][et_pb_text _builder_version=&#8221;4.20.2&#8243; _module_preset=&#8221;default&#8221; global_colors_info=&#8221;{}&#8221;][\/et_pb_text][\/et_pb_column][\/et_pb_row][\/et_pb_section][et_pb_section fb_built=&#8221;1&#8243; module_class=&#8221;section_corporacion&#8221; _builder_version=&#8221;4.20.2&#8243; _module_preset=&#8221;default&#8221; global_colors_info=&#8221;{}&#8221;][et_pb_row _builder_version=&#8221;4.20.2&#8243; _module_preset=&#8221;default&#8221; custom_padding=&#8221;||0px|||&#8221; global_colors_info=&#8221;{}&#8221;][et_pb_column type=&#8221;4_4&#8243; _builder_version=&#8221;4.20.2&#8243; _module_preset=&#8221;default&#8221; global_colors_info=&#8221;{}&#8221;][et_pb_image src=&#8221;https:\/\/caminoreal.com.gt\/wp-content\/uploads\/2025\/03\/who-we-are-2.png&#8221; title_text=&#8221;who-we-are-2&#8243; _builder_version=&#8221;4.20.2&#8243; _module_preset=&#8221;default&#8221; global_colors_info=&#8221;{}&#8221;][\/et_pb_image][et_pb_text _builder_version=&#8221;4.20.2&#8243; _module_preset=&#8221;default&#8221; global_colors_info=&#8221;{}&#8221;]<\/p>\n<p>The history of the Camino Real Corporation begins in 1959, with the opening of The Westin Camino Real.<\/p>\n<p>From there, we positioned ourselves in the national hotel market thanks to our Deep knowledge in hospitality and focusing on values such as customer satisfaction. After 30 years, Del Patio Hotel was born, followed by Camino Real Tikal Hotel two years later. By then, we already had extensive experience in serving hundreds of guests daily. This helped us continue to grow until we became the largest hotel corporation in Guatemala. By 1997, our family grew with the Holiday Inn Hotel and by 2010 with Camino Real Antigua Hotel.<\/p>\n<p>We currently have three international franchises that are world-renowned: The Westin Camino Real Guatemala, Holiday Inn Guatemala and Best Western Belize Biltmore Plaza. At a national level, we are made up of four prestigious brands: Biltmore Hotel, Camino Real Antigua Hotel, Camino Real Tikal Hotel and Del Patio Hotel.<\/p>\n<p>Our hotels offer a variety of experiences in the classic and contemporary fusion of the capital, the cradle of Mayan civilization in Pet\u00e9n and Antigua Guatemala, the mecca of colonial architecture. It is worth noting that we have the first International Convention Center for more than 3,000 people in the capital city.<\/p>\n<p>We invite you to live the experience of the largest and most experienced Corporation in Guatemala.<\/p>\n<p>[\/et_pb_text][\/et_pb_column][\/et_pb_row][\/et_pb_section][et_pb_section fb_built=&#8221;1&#8243; module_class=&#8221;section_empleos&#8221; _builder_version=&#8221;4.20.2&#8243; _module_preset=&#8221;default&#8221; global_colors_info=&#8221;{}&#8221;][et_pb_row _builder_version=&#8221;4.20.2&#8243; _module_preset=&#8221;default&#8221; global_colors_info=&#8221;{}&#8221;][et_pb_column type=&#8221;4_4&#8243; _builder_version=&#8221;4.20.2&#8243; _module_preset=&#8221;default&#8221; global_colors_info=&#8221;{}&#8221;][et_pb_slider show_arrows=&#8221;off&#8221; _builder_version=&#8221;4.20.2&#8243; _module_preset=&#8221;default&#8221; custom_padding=&#8221;||46px|||&#8221; hover_enabled=&#8221;0&#8243; global_colors_info=&#8221;{}&#8221; sticky_enabled=&#8221;0&#8243;][et_pb_slide _builder_version=&#8221;4.20.2&#8243; _module_preset=&#8221;default&#8221; background_image=&#8221;https:\/\/caminoreal.com.gt\/wp-content\/uploads\/2024\/05\/11Mesa-de-trabajo-11.webp&#8221; background_enable_image=&#8221;on&#8221; global_colors_info=&#8221;{}&#8221; sticky_transition=&#8221;on&#8221;]<\/p>\n<h4>Camino Real Corporation&#8217;s CRS Culture<\/h4>\n<h3>Corporate Social<\/h3>\n<h2>Responsibility<\/h2>\n<p>We understand corporate social responsibility as both a commitment and a business vision that harmoniously integrates business management, legal compliance, and respect for ethical values, people, the community, and the environment.<\/p>\n<h5><strong>CSR &#8211; Economic Sustainability<\/strong><\/h5>\n<p>We have a CSR Policy that enables us to develop long-term Actions, Programs, and Projects, allocating financial resources to ensure their fulfillment.<\/p>\n<h5><strong>Corporate Values<\/strong><\/h5>\n<p>We uphold a Corporate Code of Ethics that establishes the expected behaviors for all our Associates, based on our Vision, Mission, and Corporate Values, serving as a guide for decision-making. Additionally, we have a Code of Ethics for Suppliers.<\/p>\n<h5><strong>Volunteer Work<\/strong><\/h5>\n<p>We implement Corporate Volunteer Programs that promote and facilitate activities of general interest, contributing to various volunteer areas to enhance the Quality of Life of Individuals, Society as a Whole, and the Conservation and Protection of the Environment.<\/p>\n<h5><strong>Community Development<\/strong><\/h5>\n<p>We share our expertise with young adults from High Schools, Institutes, Culinary Schools, and Universities who seek to begin their professional training through supervised internships in hospitality-related areas.<\/p>\n<h5><strong>Comprehensive Training for Associates<\/strong><\/h5>\n<p>We have a Corporate Strategy focused on the continuous Development and Training of our Associates. Additionally, we provide comprehensive training on topics related to Family Impact, Well-being, and Health, helping them achieve a Work-Life balance.<\/p>\n<h5><strong>Environmental Commitment<\/strong><\/h5>\n<p>Through our CSR Committee and Environmental Subcommittee, we carry out various environmental initiatives, including an Internal Recycling Program, Acquisition of Sustainable Technology, Hospital Quality Certifications, Environmental Sustainability Certifications, Clean-Up Days, and Tree-Planting Volunteer Programs, among others.<\/p>\n<h5><strong>Communication Channels<\/strong><\/h5>\n<p>We foster interaction with our community, creating a strong network committed to our values and mission while encouraging active participation.<\/p>\n<p>[\/et_pb_slide][et_pb_slide _builder_version=&#8221;4.20.2&#8243; _module_preset=&#8221;default&#8221; background_image=&#8221;https:\/\/caminoreal.com.gt\/wp-content\/uploads\/2024\/05\/4Mesa-de-trabajo-4.webp&#8221; background_enable_image=&#8221;on&#8221; global_colors_info=&#8221;{}&#8221; sticky_transition=&#8221;on&#8221;]<\/p>\n<h4>Camino Real Corporation&#8217;s CRS Culture<\/h4>\n<h2>Good Environmental Practices<\/h2>\n<div>\n<p>Promoting sustainable use of natural resources with:<\/p>\n<ul>\n<li>Energy-saving light bulbs and presence sensors<\/li>\n<li>Three-litre water-saving tanks<\/li>\n<li>Recycling of PET and glass, paper, cardboard, magazines and scrap metal<\/li>\n<li>Managing documents printing<\/li>\n<\/ul>\n<\/div>\n<p>[\/et_pb_slide][et_pb_slide _builder_version=&#8221;4.20.2&#8243; _module_preset=&#8221;default&#8221; background_image=&#8221;https:\/\/caminoreal.com.gt\/wp-content\/uploads\/2024\/05\/34Mesa-de-trabajo-34.webp&#8221; background_enable_image=&#8221;on&#8221; global_colors_info=&#8221;{}&#8221; sticky_transition=&#8221;on&#8221;]<\/p>\n<h4><span style=\"vertical-align: inherit;\"><span style=\"vertical-align: inherit;\">Cultura Camino Real de RSE<\/span><\/span><\/h4>\n<h3>Support for<\/h3>\n<h2>Education<\/h2>\n<div>\n<ul>\n<li>Support for student interns in the hospitality industry, among others.<\/li>\n<li>Hiring three to four students per year.<\/li>\n<li>Opportunity for learning and employment for people with special needs.<\/li>\n<\/ul>\n<\/div>\n<p>[\/et_pb_slide][et_pb_slide _builder_version=&#8221;4.20.2&#8243; _module_preset=&#8221;default&#8221; background_image=&#8221;https:\/\/caminoreal.com.gt\/wp-content\/uploads\/2024\/05\/37Mesa-de-trabajo-37.webp&#8221; background_enable_image=&#8221;on&#8221; global_colors_info=&#8221;{}&#8221; sticky_transition=&#8221;on&#8221;]<\/p>\n<h4>Camino Real Corporation&#8217;s CRS Culture<\/h4>\n<h2>Tourism Promotion<\/h2>\n<div>\n<p>Participation in the Guatemala Convention Bureau, driving strategies that generate interest in the country within the international market for seminars, conventions, and incentives.<\/p>\n<\/div>\n<p>[\/et_pb_slide][\/et_pb_slider][\/et_pb_column][\/et_pb_row][\/et_pb_section]<\/p>\n","protected":false},"excerpt":{"rendered":"<p>The history of the Camino Real Corporation begins in 1959, with the opening of The Westin Camino Real. From there, we positioned ourselves in the national hotel market thanks to our Deep knowledge in hospitality and focusing on values such as customer satisfaction. After 30 years, Del Patio Hotel was born, followed by Camino Real [&hellip;]<\/p>\n","protected":false},"author":1,"featured_media":0,"parent":0,"menu_order":0,"comment_status":"closed","ping_status":"closed","template":"","meta":{"_et_pb_use_builder":"on","_et_pb_old_content":"<!-- wp:divi\/placeholder \/-->","_et_gb_content_width":"","footnotes":""},"class_list":["post-413","page","type-page","status-publish","hentry"],"yoast_head":"<!-- This site is optimized with the Yoast SEO plugin v27.4 - https:\/\/yoast.com\/product\/yoast-seo-wordpress\/ -->\n<title>\u00bfQui\u00e9nes somos? - Corporaci\u00f3n Camino Real<\/title>\n<meta name=\"robots\" content=\"index, follow, max-snippet:-1, max-image-preview:large, max-video-preview:-1\" \/>\n<link rel=\"canonical\" href=\"https:\/\/caminoreal.com.gt\/en\/quienes-somos\/\" \/>\n<meta property=\"og:locale\" content=\"en_US\" \/>\n<meta property=\"og:type\" content=\"article\" \/>\n<meta property=\"og:title\" content=\"\u00bfQui\u00e9nes somos? - Corporaci\u00f3n Camino Real\" \/>\n<meta property=\"og:description\" content=\"The history of the Camino Real Corporation begins in 1959, with the opening of The Westin Camino Real. From there, we positioned ourselves in the national hotel market thanks to our Deep knowledge in hospitality and focusing on values such as customer satisfaction. After 30 years, Del Patio Hotel was born, followed by Camino Real [&hellip;]\" \/>\n<meta property=\"og:url\" content=\"https:\/\/caminoreal.com.gt\/en\/quienes-somos\/\" \/>\n<meta property=\"og:site_name\" content=\"Corporaci\u00f3n Camino Real\" \/>\n<meta property=\"article:modified_time\" content=\"2025-03-26T18:29:52+00:00\" \/>\n<meta name=\"twitter:card\" content=\"summary_large_image\" \/>\n<meta name=\"twitter:label1\" content=\"Est. reading time\" \/>\n\t<meta name=\"twitter:data1\" content=\"5 minutes\" \/>\n<script type=\"application\/ld+json\" class=\"yoast-schema-graph\">{\"@context\":\"https:\\\/\\\/schema.org\",\"@graph\":[{\"@type\":\"WebPage\",\"@id\":\"https:\\\/\\\/caminoreal.com.gt\\\/en\\\/quienes-somos\\\/\",\"url\":\"https:\\\/\\\/caminoreal.com.gt\\\/en\\\/quienes-somos\\\/\",\"name\":\"\u00bfQui\u00e9nes somos? - Corporaci\u00f3n Camino Real\",\"isPartOf\":{\"@id\":\"https:\\\/\\\/caminoreal.com.gt\\\/#website\"},\"datePublished\":\"2024-04-26T18:38:22+00:00\",\"dateModified\":\"2025-03-26T18:29:52+00:00\",\"breadcrumb\":{\"@id\":\"https:\\\/\\\/caminoreal.com.gt\\\/en\\\/quienes-somos\\\/#breadcrumb\"},\"inLanguage\":\"en-US\",\"potentialAction\":[{\"@type\":\"ReadAction\",\"target\":[\"https:\\\/\\\/caminoreal.com.gt\\\/en\\\/quienes-somos\\\/\"]}]},{\"@type\":\"BreadcrumbList\",\"@id\":\"https:\\\/\\\/caminoreal.com.gt\\\/en\\\/quienes-somos\\\/#breadcrumb\",\"itemListElement\":[{\"@type\":\"ListItem\",\"position\":1,\"name\":\"Portada\",\"item\":\"https:\\\/\\\/caminoreal.com.gt\\\/en\\\/inicio\\\/\"},{\"@type\":\"ListItem\",\"position\":2,\"name\":\"\u00bfQui\u00e9nes somos?\"}]},{\"@type\":\"WebSite\",\"@id\":\"https:\\\/\\\/caminoreal.com.gt\\\/#website\",\"url\":\"https:\\\/\\\/caminoreal.com.gt\\\/\",\"name\":\"Corporaci\u00f3n Camino Real\",\"description\":\"Te invitamos a vivir la experiencia de la Corporaci\u00f3n m\u00e1s grande y con mayor trayectoria de Guatemala.\",\"publisher\":{\"@id\":\"https:\\\/\\\/caminoreal.com.gt\\\/#organization\"},\"potentialAction\":[{\"@type\":\"SearchAction\",\"target\":{\"@type\":\"EntryPoint\",\"urlTemplate\":\"https:\\\/\\\/caminoreal.com.gt\\\/?s={search_term_string}\"},\"query-input\":{\"@type\":\"PropertyValueSpecification\",\"valueRequired\":true,\"valueName\":\"search_term_string\"}}],\"inLanguage\":\"en-US\"},{\"@type\":\"Organization\",\"@id\":\"https:\\\/\\\/caminoreal.com.gt\\\/#organization\",\"name\":\"Corporaci\u00f3n Camino Real\",\"url\":\"https:\\\/\\\/caminoreal.com.gt\\\/\",\"logo\":{\"@type\":\"ImageObject\",\"inLanguage\":\"en-US\",\"@id\":\"https:\\\/\\\/caminoreal.com.gt\\\/#\\\/schema\\\/logo\\\/image\\\/\",\"url\":\"https:\\\/\\\/caminoreal.com.gt\\\/wp-content\\\/uploads\\\/2024\\\/04\\\/Recurso-1img13.png\",\"contentUrl\":\"https:\\\/\\\/caminoreal.com.gt\\\/wp-content\\\/uploads\\\/2024\\\/04\\\/Recurso-1img13.png\",\"width\":548,\"height\":120,\"caption\":\"Corporaci\u00f3n Camino Real\"},\"image\":{\"@id\":\"https:\\\/\\\/caminoreal.com.gt\\\/#\\\/schema\\\/logo\\\/image\\\/\"}}]}<\/script>\n<!-- \/ Yoast SEO plugin. -->","yoast_head_json":{"title":"\u00bfQui\u00e9nes somos? - Corporaci\u00f3n Camino Real","robots":{"index":"index","follow":"follow","max-snippet":"max-snippet:-1","max-image-preview":"max-image-preview:large","max-video-preview":"max-video-preview:-1"},"canonical":"https:\/\/caminoreal.com.gt\/en\/quienes-somos\/","og_locale":"en_US","og_type":"article","og_title":"\u00bfQui\u00e9nes somos? - Corporaci\u00f3n Camino Real","og_description":"The history of the Camino Real Corporation begins in 1959, with the opening of The Westin Camino Real. From there, we positioned ourselves in the national hotel market thanks to our Deep knowledge in hospitality and focusing on values such as customer satisfaction. After 30 years, Del Patio Hotel was born, followed by Camino Real [&hellip;]","og_url":"https:\/\/caminoreal.com.gt\/en\/quienes-somos\/","og_site_name":"Corporaci\u00f3n Camino Real","article_modified_time":"2025-03-26T18:29:52+00:00","twitter_card":"summary_large_image","twitter_misc":{"Est. reading time":"5 minutes"},"schema":{"@context":"https:\/\/schema.org","@graph":[{"@type":"WebPage","@id":"https:\/\/caminoreal.com.gt\/en\/quienes-somos\/","url":"https:\/\/caminoreal.com.gt\/en\/quienes-somos\/","name":"\u00bfQui\u00e9nes somos? - Corporaci\u00f3n Camino Real","isPartOf":{"@id":"https:\/\/caminoreal.com.gt\/#website"},"datePublished":"2024-04-26T18:38:22+00:00","dateModified":"2025-03-26T18:29:52+00:00","breadcrumb":{"@id":"https:\/\/caminoreal.com.gt\/en\/quienes-somos\/#breadcrumb"},"inLanguage":"en-US","potentialAction":[{"@type":"ReadAction","target":["https:\/\/caminoreal.com.gt\/en\/quienes-somos\/"]}]},{"@type":"BreadcrumbList","@id":"https:\/\/caminoreal.com.gt\/en\/quienes-somos\/#breadcrumb","itemListElement":[{"@type":"ListItem","position":1,"name":"Portada","item":"https:\/\/caminoreal.com.gt\/en\/inicio\/"},{"@type":"ListItem","position":2,"name":"\u00bfQui\u00e9nes somos?"}]},{"@type":"WebSite","@id":"https:\/\/caminoreal.com.gt\/#website","url":"https:\/\/caminoreal.com.gt\/","name":"Corporaci\u00f3n Camino Real","description":"Te invitamos a vivir la experiencia de la Corporaci\u00f3n m\u00e1s grande y con mayor trayectoria de Guatemala.","publisher":{"@id":"https:\/\/caminoreal.com.gt\/#organization"},"potentialAction":[{"@type":"SearchAction","target":{"@type":"EntryPoint","urlTemplate":"https:\/\/caminoreal.com.gt\/?s={search_term_string}"},"query-input":{"@type":"PropertyValueSpecification","valueRequired":true,"valueName":"search_term_string"}}],"inLanguage":"en-US"},{"@type":"Organization","@id":"https:\/\/caminoreal.com.gt\/#organization","name":"Corporaci\u00f3n Camino Real","url":"https:\/\/caminoreal.com.gt\/","logo":{"@type":"ImageObject","inLanguage":"en-US","@id":"https:\/\/caminoreal.com.gt\/#\/schema\/logo\/image\/","url":"https:\/\/caminoreal.com.gt\/wp-content\/uploads\/2024\/04\/Recurso-1img13.png","contentUrl":"https:\/\/caminoreal.com.gt\/wp-content\/uploads\/2024\/04\/Recurso-1img13.png","width":548,"height":120,"caption":"Corporaci\u00f3n Camino Real"},"image":{"@id":"https:\/\/caminoreal.com.gt\/#\/schema\/logo\/image\/"}}]}},"featured_image_src":null,"featured_image_src_square":null,"_links":{"self":[{"href":"https:\/\/caminoreal.com.gt\/en\/wp-json\/wp\/v2\/pages\/413","targetHints":{"allow":["GET"]}}],"collection":[{"href":"https:\/\/caminoreal.com.gt\/en\/wp-json\/wp\/v2\/pages"}],"about":[{"href":"https:\/\/caminoreal.com.gt\/en\/wp-json\/wp\/v2\/types\/page"}],"author":[{"embeddable":true,"href":"https:\/\/caminoreal.com.gt\/en\/wp-json\/wp\/v2\/users\/1"}],"replies":[{"embeddable":true,"href":"https:\/\/caminoreal.com.gt\/en\/wp-json\/wp\/v2\/comments?post=413"}],"version-history":[{"count":0,"href":"https:\/\/caminoreal.com.gt\/en\/wp-json\/wp\/v2\/pages\/413\/revisions"}],"wp:attachment":[{"href":"https:\/\/caminoreal.com.gt\/en\/wp-json\/wp\/v2\/media?parent=413"}],"curies":[{"name":"wp","href":"https:\/\/api.w.org\/{rel}","templated":true}]}}